{"id":229,"date":"2015-07-27T03:29:01","date_gmt":"2015-07-27T03:29:01","guid":{"rendered":"http:\/\/demo.oceanthemes.net\/archi\/?page_id=229"},"modified":"2024-03-07T17:49:46","modified_gmt":"2024-03-07T16:49:46","slug":"reference-omorike-i-partnera","status":"publish","type":"page","link":"https:\/\/omorika.rs\/omorika-partneri\/index.php\/reference-omorike-i-partnera\/","title":{"rendered":"REFERENCE OMORIKE I PARTNERA"},"content":{"rendered":"<div class=\"wpb-content-wrapper\"><p>[vc_row css=&#8221;.vc_custom_1708359347627{padding-top: 60px !important;background-position: 0 0 !important;background-repeat: no-repeat !important;}&#8221;][vc_column][vc_column_text]<\/p>\n<div class=\"expand-group\" style=\"background-size: cover;\">\n<div class=\"expand\" style=\"background-size: cover;\">\n<h4>Lazaret &#8211; Spa centar, Herceg Novi<\/h4>\n<div class=\"hidden-content\" style=\"background-size: cover;\">dizajn projekta<\/div>\n<\/div>\n<div class=\"expand\" style=\"background-size: cover;\">\n<h4>Jaht klub &#8211; Lazaret, Herceg Novi<\/h4>\n<div class=\"hidden-content\" style=\"background-size: cover;\">dizajn projekta<\/div>\n<\/div>\n<div class=\"expand\" style=\"background-size: cover;\">\n<h4>Stambeni prostori, Nik\u0161i\u0107<\/h4>\n<div class=\"hidden-content\" style=\"background-size: cover;\">izrada idejnog re\u0161enja enterijera<\/div>\n<\/div>\n<div class=\"expand\" style=\"background-size: cover;\">\n<h4>Hotel Mimoza<\/h4>\n<div class=\"hidden-content\" style=\"background-size: cover;\">izrada idejnog re\u0161enja za sobu i apartman<\/div>\n<\/div>\n<div class=\"expand\" style=\"background-size: cover;\">\n<h4>Apartmani Peta<\/h4>\n<div class=\"hidden-content\" style=\"background-size: cover;\">izrada idejnog re\u0161enja enterijera<\/div>\n<\/div>\n<div class=\"expand\" style=\"background-size: cover;\">\n<h4>Porodi\u010dna ku\u0107a u Brusu<\/h4>\n<div class=\"hidden-content\" style=\"background-size: cover;\">izrada idejnog re\u0161enja enterijera<\/div>\n<\/div>\n<div class=\"expand\" style=\"background-size: cover;\">\n<h4>\u017danjice<\/h4>\n<div class=\"hidden-content\" style=\"background-size: cover;\">izrada idejnog re\u0161enja enterijera za 3 objekta<\/div>\n<\/div>\n<div class=\"expand\" style=\"background-size: cover;\">\n<h4>Hotel u Kumboru<\/h4>\n<div class=\"hidden-content\" style=\"background-size: cover;\">izrada idejnog re\u0161enja objekta<\/div>\n<\/div>\n<div class=\"expand\" style=\"background-size: cover;\">\n<h4>Hotel Kumbor, \u0110enovi\u0107i<\/h4>\n<div class=\"hidden-content\" style=\"background-size: cover;\">izrada idejnog re\u0161enja<\/div>\n<\/div>\n<div class=\"expand\" style=\"background-size: cover;\">\n<h4>Restoran u Budvi<\/h4>\n<div class=\"hidden-content\" style=\"background-size: cover;\">izrada idejnog re\u0161enja enterijera<\/div>\n<\/div>\n<div class=\"expand\" style=\"background-size: cover;\">\n<h4>Pla\u017eni bar i resotan u Risnu<\/h4>\n<div class=\"hidden-content\" style=\"background-size: cover;\">izrada idejnog re\u0161enja enterijera<\/div>\n<\/div>\n<div class=\"expand\" style=\"background-size: cover;\">\n<h4>Stambeni prostor u Risnu<\/h4>\n<div class=\"hidden-content\" style=\"background-size: cover;\">izrada idejnog re\u0161enja enterijera<\/div>\n<\/div>\n<div class=\"expand\" style=\"background-size: cover;\">\n<h4>Portonovi<\/h4>\n<div class=\"hidden-content\" style=\"background-size: cover;\">dizajn rasvjete<\/div>\n<\/div>\n<div class=\"expand\" style=\"background-size: cover;\">\n<h4>Vile, bungalovi, prijemni objekat, apartman, Ribarsko selo<\/h4>\n<div class=\"hidden-content\" style=\"background-size: cover;\">glavni projekat i dizajn enterijera<\/div>\n<\/div>\n<div class=\"expand\" style=\"background-size: cover;\">\n<h4>Kompleks Omorika, Kopaonik<\/h4>\n<div class=\"hidden-content\" style=\"background-size: cover;\">izrada glavnog projekta kompleksa i dizajn projekta enterijera<\/div>\n<\/div>\n<div class=\"expand\" style=\"background-size: cover;\">\n<h4>Privatna ku\u0107a u Podgorici<\/h4>\n<div class=\"hidden-content\" style=\"background-size: cover;\">dizajn projekta enterijera i projekat ure\u0111enja terena<\/div>\n<\/div>\n<div class=\"expand\" style=\"background-size: cover;\">\n<h4>Hotel Be\u010di\u0107i<\/h4>\n<div class=\"hidden-content\" style=\"background-size: cover;\">glavni projekat, bruto povr\u0161ine 5191.47m2<\/div>\n<\/div>\n<div class=\"expand\" style=\"background-size: cover;\">\n<h4>Hotel Kumbor<\/h4>\n<div class=\"hidden-content\" style=\"background-size: cover;\">idejno re\u0161enje enterijera tipske sobe<\/div>\n<\/div>\n<div class=\"expand\" style=\"background-size: cover;\">\n<h4>Depadans hotela Park<\/h4>\n<div class=\"hidden-content\" style=\"background-size: cover;\">idejno re\u0161enje objekta<\/div>\n<\/div>\n<div class=\"expand\" style=\"background-size: cover;\">\n<h4>Privatni stan u Beogradu<\/h4>\n<div class=\"hidden-content\" style=\"background-size: cover;\">dizajn enterijera<\/div>\n<\/div>\n<div class=\"expand\" style=\"background-size: cover;\">\n<h4>Sportska hala Sutorine<\/h4>\n<div class=\"hidden-content\" style=\"background-size: cover;\">glavni projekat, bruto povr\u0161ine 992.96m2<\/div>\n<\/div>\n<div class=\"expand\" style=\"background-size: cover;\">\n<h4>Privatna ku\u0107a Welden residence<\/h4>\n<div class=\"hidden-content\" style=\"background-size: cover;\">glavni projekat, bruto povr\u0161ine 457.30m2+75.62m2<\/div>\n<\/div>\n<div class=\"expand\" style=\"background-size: cover;\">\n<h4>Nema\u010dka, Bremen<\/h4>\n<div class=\"hidden-content\" style=\"background-size: cover;\">izrada glavnog projekta i dizajn projekta zgrade cca 1000m2<\/div>\n<\/div>\n<div class=\"expand\" style=\"background-size: cover;\">\n<h4>Privatni stan, Herceg Novi<\/h4>\n<div class=\"hidden-content\" style=\"background-size: cover;\">Izrada, dizajn projekta za opremanje luksuznog stana<\/div>\n<\/div>\n<\/div>\n<p>[\/vc_column_text][\/vc_column][\/vc_row][vc_row content_placement=&#8221;middle&#8221; fullwidth=&#8221;yes&#8221; css=&#8221;.vc_custom_1708360414177{padding-top: 60px !important;padding-bottom: 60px !important;}&#8221; el_class=&#8221;call-to-action bg-color text-center&#8221;][vc_column][vc_column_text]<\/p>\n<h1><span style=\"color: #333333;\"><strong>Imate jo\u0161 pitanja? Kontaktirajte nas<\/strong><\/span><\/h1>\n<p>[\/vc_column_text][\/vc_column][\/vc_row]<\/p>\n<\/div>","protected":false},"excerpt":{"rendered":"<p>[vc_row css=&#8221;.vc_custom_1708359347627{padding-top: 60px !important;background-position: 0 0 !important;background-repeat: no-repeat !important;}&#8221;][vc_column][vc_column_text] Lazaret &#8211; Spa centar, Herceg Novi dizajn projekta Jaht klub &#8211; Lazaret, Herceg Novi dizajn projekta Stambeni prostori, Nik\u0161i\u0107 izrada idejnog re\u0161enja enterijera Hotel Mimoza izrada idejnog re\u0161enja za sobu i apartman Apartmani Peta izrada idejnog re\u0161enja enterijera Porodi\u010dna ku\u0107a u Brusu izrada idejnog re\u0161enja enterijera [&hellip;]<\/p>\n","protected":false},"author":1,"featured_media":0,"parent":0,"menu_order":0,"comment_status":"open","ping_status":"open","template":"page-templates\/template-fullwidth.php","meta":{"footnotes":""},"class_list":["post-229","page","type-page","status-publish","hentry"],"lang":"sr","translations":{"sr":229,"en":1987,"ru":1989},"pll_sync_post":[],"_links":{"self":[{"href":"https:\/\/omorika.rs\/omorika-partneri\/index.php\/wp-json\/wp\/v2\/pages\/229","targetHints":{"allow":["GET"]}}],"collection":[{"href":"https:\/\/omorika.rs\/omorika-partneri\/index.php\/wp-json\/wp\/v2\/pages"}],"about":[{"href":"https:\/\/omorika.rs\/omorika-partneri\/index.php\/wp-json\/wp\/v2\/types\/page"}],"author":[{"embeddable":true,"href":"https:\/\/omorika.rs\/omorika-partneri\/index.php\/wp-json\/wp\/v2\/users\/1"}],"replies":[{"embeddable":true,"href":"https:\/\/omorika.rs\/omorika-partneri\/index.php\/wp-json\/wp\/v2\/comments?post=229"}],"version-history":[{"count":3,"href":"https:\/\/omorika.rs\/omorika-partneri\/index.php\/wp-json\/wp\/v2\/pages\/229\/revisions"}],"predecessor-version":[{"id":1986,"href":"https:\/\/omorika.rs\/omorika-partneri\/index.php\/wp-json\/wp\/v2\/pages\/229\/revisions\/1986"}],"wp:attachment":[{"href":"https:\/\/omorika.rs\/omorika-partneri\/index.php\/wp-json\/wp\/v2\/media?parent=229"}],"curies":[{"name":"wp","href":"https:\/\/api.w.org\/{rel}","templated":true}]}}