{"id":229,"date":"2015-07-27T03:29:01","date_gmt":"2015-07-27T03:29:01","guid":{"rendered":"http:\/\/demo.oceanthemes.net\/archi\/?page_id=229"},"modified":"2024-03-07T17:33:55","modified_gmt":"2024-03-07T16:33:55","slug":"reference-omorike-montenegro","status":"publish","type":"page","link":"https:\/\/omorika.rs\/omorika-montenegro\/index.php\/reference-omorike-montenegro\/","title":{"rendered":"REFERENCE OMORIKE MONTENEGRO"},"content":{"rendered":"<div class=\"wpb-content-wrapper\"><p>[vc_row css=&#8221;.vc_custom_1708359347627{padding-top: 60px !important;background-position: 0 0 !important;background-repeat: no-repeat !important;}&#8221;][vc_column][vc_column_text]<\/p>\n<div class=\"expand-group\" style=\"background-size: cover;\">\n<div class=\"expand\" style=\"background-size: cover;\">\n<h4>River Side doo &#8211; Stambeni kompleks Sutorina, Herceg Novi<\/h4>\n<div class=\"hidden-content\" style=\"background-size: cover;\">projektovanje i izvo\u0111enje<\/div>\n<\/div>\n<div class=\"expand\" style=\"background-size: cover;\">\n<h4>WR DINAMIC COMPANY DOO<\/h4>\n<div class=\"hidden-content\" style=\"background-size: cover;\">poslovno-stambeni objekat i benzinska pumpa Topla II, Herceg Novi<\/div>\n<\/div>\n<div class=\"expand\" style=\"background-size: cover;\">\n<h4>Sava i Serafim doo &#8211; hotel i vila Risan<\/h4>\n<div class=\"hidden-content\" style=\"background-size: cover;\">zemljani radovi<\/div>\n<\/div>\n<div class=\"expand\" style=\"background-size: cover;\">\n<h4>Power AB Group doo &#8211; hidrocentrala na reci Bukovici<\/h4>\n<div class=\"hidden-content\" style=\"background-size: cover;\">zemljani, gra\u0111evinski i zanatski radovi<\/div>\n<\/div>\n<div class=\"expand\" style=\"background-size: cover;\">\n<h4>Stambena zgrada Njivice, Herceg Novi<\/h4>\n<div class=\"hidden-content\" style=\"background-size: cover;\">gra\u0111evinski i zanatski radovi<\/div>\n<\/div>\n<div class=\"expand\" style=\"background-size: cover;\">\n<h4>Stambena zgrada Topla III, Herceg Novi<\/h4>\n<div class=\"hidden-content\" style=\"background-size: cover;\">gra\u0111evinski i zanatski radovi<\/div>\n<\/div>\n<div class=\"expand\" style=\"background-size: cover;\">\n<h4>Centuria doo &#8211; kompleks vila i apartmana \u017danji\u0107<\/h4>\n<div class=\"hidden-content\" style=\"background-size: cover;\">komplet gra\u0111evinski i zanatski radovi<\/div>\n<\/div>\n<div class=\"expand\" style=\"background-size: cover;\">\n<h4>Stambena vila, Prijevor, Herceg Novi<\/h4>\n<div class=\"hidden-content\" style=\"background-size: cover;\">komplet gra\u0111evinski i zanatski radovi<\/div>\n<\/div>\n<div class=\"expand\" style=\"background-size: cover;\">\n<h4>Kosanovi\u0107 doo, Nik\u010di\u0107 &#8211; proizvodno magacinski prostor<\/h4>\n<div class=\"hidden-content\" style=\"background-size: cover;\">komplet gra\u0111evinski i zanatski radovi<\/div>\n<\/div>\n<div class=\"expand\" style=\"background-size: cover;\">\n<h4>Imperio Holdings Limited doo &#8211; hotel rezort Lazaret(6,500m2), Herceg Novi<\/h4>\n<div class=\"hidden-content\" style=\"background-size: cover;\">projektovanje i komplet izvo\u0111enje sa opremanjem<\/div>\n<\/div>\n<div class=\"expand\" style=\"background-size: cover;\">\n<h4>Imperio Holdings Limited doo &#8211; Jaht klub(400m2), Herceg Novi<\/h4>\n<div class=\"hidden-content\" style=\"background-size: cover;\">projektovanje i komplet izvo\u0111enje sa opremanjem<\/div>\n<\/div>\n<div class=\"expand\" style=\"background-size: cover;\">\n<h4>Imperio Holdings Limited doo &#8211; Spa centar(1,700m2), Herceg Novi<\/h4>\n<div class=\"hidden-content\" style=\"background-size: cover;\">projektovanje i komplet izvo\u0111enje sa opremanjem<\/div>\n<\/div>\n<div class=\"expand\" style=\"background-size: cover;\">\n<h4>Imperio Holdings Limited doo &#8211; Depadans hotela(21,000m2), Herceg Novi<\/h4>\n<div class=\"hidden-content\" style=\"background-size: cover;\">projektovanje i komplet izvo\u0111enje sa opremanjem<\/div>\n<\/div>\n<div class=\"expand\" style=\"background-size: cover;\">\n<h4>Imperio Holdings Limited doo &#8211; Marina (250 vezova) sa servisnim objektima i pla\u017enim barom, Herceg Novi<\/h4>\n<div class=\"hidden-content\" style=\"background-size: cover;\">projektovanje i komplet izvo\u0111enje sa opremanjem<\/div>\n<\/div>\n<div class=\"expand\" style=\"background-size: cover;\">\n<h4>Imperio Holdings Limited doo &#8211; Ure\u0111enje terena, Herceg Novi<\/h4>\n<div class=\"hidden-content\" style=\"background-size: cover;\">projektovanje i komplet izvo\u0111enje sa opremanjem<\/div>\n<\/div>\n<div class=\"expand\" style=\"background-size: cover;\">\n<h4>Imperio Holding Limited doo &#8211; Rekonstrukcija mosta, Herceg Novi<\/h4>\n<div class=\"hidden-content\" style=\"background-size: cover;\">projektovanje i izvo\u0111enje radova<\/div>\n<\/div>\n<div class=\"expand\" style=\"background-size: cover;\">\n<h4>Marinetek doo, Kumbor<\/h4>\n<div class=\"hidden-content\" style=\"background-size: cover;\">izrada betonskih elemenata za sidrenje plovila<\/div>\n<\/div>\n<div class=\"expand\" style=\"background-size: cover;\">\n<h4>Vila Kulja\u010de, Budva(cca 2,500m2)<\/h4>\n<div class=\"hidden-content\" style=\"background-size: cover;\">gra\u0111evinsko zanatski radovi<\/div>\n<\/div>\n<div class=\"expand\" style=\"background-size: cover;\">\n<h4>Hotel, luksuzne vile, restoran, marina, bungalovi(cca 3,6ha), Ribarsko selo \u017danjice<\/h4>\n<div class=\"hidden-content\" style=\"background-size: cover;\">projektovanje<\/div>\n<\/div>\n<div class=\"expand\" style=\"background-size: cover;\">\n<h4>Sportska \u010deli\u010dna hala, Igalo (1,400m2)<\/h4>\n<div class=\"hidden-content\" style=\"background-size: cover;\">projektovanje i izvo\u0111enje radova<\/div>\n<\/div>\n<div class=\"expand\" style=\"background-size: cover;\">\n<h4>Proizvodna hala, Nik\u0161i\u0107 (cca 1,500m2)<\/h4>\n<div class=\"hidden-content\" style=\"background-size: cover;\">rekonstrukcija<\/div>\n<\/div>\n<div class=\"expand\" style=\"background-size: cover;\">\n<h4>Boutique Winery Kne\u017eevi\u0107, Podgorica<\/h4>\n<div class=\"hidden-content\" style=\"background-size: cover;\">rekonstrukcija i dogradnja objekta ruralnog razvoja<\/div>\n<\/div>\n<div class=\"expand\" style=\"background-size: cover;\">\n<h4>Hotel Medena, Trogir<\/h4>\n<div class=\"hidden-content\" style=\"background-size: cover;\">gra\u0111evinsko-zanatski radovi<\/div>\n<\/div>\n<div class=\"expand\" style=\"background-size: cover;\">\n<h4>NORMAL COMPANY, poslovno-stambeni objekat u Podgorici, (cca 30,000m2), na parceli (cca 9,500m2)<\/h4>\n<div class=\"hidden-content\" style=\"background-size: cover;\">zemljani radovi<\/div>\n<\/div>\n<div class=\"expand\" style=\"background-size: cover;\">\n<h4>CRNAGORAPUT<\/h4>\n<div class=\"hidden-content\" style=\"background-size: cover;\">zemljani radovi<\/div>\n<\/div>\n<div class=\"expand\" style=\"background-size: cover;\">\n<h4>Hotel Fjord<\/h4>\n<div class=\"hidden-content\" style=\"background-size: cover;\">ru\u0161enje objekta<\/div>\n<\/div>\n<div class=\"expand\" style=\"background-size: cover;\">\n<h4>Izgradnja luksuznog odmarali\u0161ta, tvr\u0111ava Mamula<\/h4>\n<div class=\"hidden-content\" style=\"background-size: cover;\">grubi gra\u0111evinski radovi i sanacija klizi\u0161ta<\/div>\n<\/div>\n<div class=\"expand\" style=\"background-size: cover;\">\n<h4>Institut za biologiju mora<\/h4>\n<div class=\"hidden-content\" style=\"background-size: cover;\">instalacija pontona za vez inspekcijskog plovila<\/div>\n<\/div>\n<div class=\"expand\" style=\"background-size: cover;\">\n<h4>Vila Podgorica(cca 1000m2)<\/h4>\n<div class=\"hidden-content\" style=\"background-size: cover;\">izvo\u0111enje gra\u0111evinsko-zanatskih radova na objektu i ure\u0111enje terena<\/div>\n<\/div>\n<div class=\"expand\" style=\"background-size: cover;\">\n<h4>V&amp;B INVEST &#8211; stambeno-poslovna zgrada, Tivat (5000m2)<\/h4>\n<div class=\"hidden-content\" style=\"background-size: cover;\">izvo\u0111enje gra\u0111evinsko-zanatskih radova<\/div>\n<\/div>\n<div class=\"expand\" style=\"background-size: cover;\">\n<h4>RAMEL DOO &#8211; trafostanica, Meljine<\/h4>\n<div class=\"hidden-content\" style=\"background-size: cover;\">izvo\u0111enje gra\u0111evinsko-zanatskih radova na trafostanici<\/div>\n<\/div>\n<div class=\"expand\" style=\"background-size: cover;\">\n<h4>Stalne usluge iznajmljivanja gra\u0111evinske opreme &#8211; larsen talpi, kranova, pontona, trajekta, kamiona<\/h4>\n<div class=\"hidden-content\" style=\"background-size: cover;\"><\/div>\n<\/div>\n<div class=\"expand\" style=\"background-size: cover;\">\n<h4>Zahtevno opremanje niza vila, ku\u0107a i stanova<\/h4>\n<div class=\"hidden-content\" style=\"background-size: cover;\"><\/div>\n<\/div>\n<\/div>\n<p>[\/vc_column_text][\/vc_column][\/vc_row][vc_row content_placement=&#8221;middle&#8221; fullwidth=&#8221;yes&#8221; css=&#8221;.vc_custom_1708360414177{padding-top: 60px !important;padding-bottom: 60px !important;}&#8221; el_class=&#8221;call-to-action bg-color text-center&#8221;][vc_column][vc_column_text]<\/p>\n<h1><span style=\"color: #333333;\"><strong>Imate jo\u0161 pitanja? Kontaktirajte nas<\/strong><\/span><\/h1>\n<p>[\/vc_column_text][\/vc_column][\/vc_row]<\/p>\n<\/div>","protected":false},"excerpt":{"rendered":"<p>[vc_row css=&#8221;.vc_custom_1708359347627{padding-top: 60px !important;background-position: 0 0 !important;background-repeat: no-repeat !important;}&#8221;][vc_column][vc_column_text] River Side doo &#8211; Stambeni kompleks Sutorina, Herceg Novi projektovanje i izvo\u0111enje WR DINAMIC COMPANY DOO poslovno-stambeni objekat i benzinska pumpa Topla II, Herceg Novi Sava i Serafim doo &#8211; hotel i vila Risan zemljani radovi Power AB Group doo &#8211; hidrocentrala na reci Bukovici zemljani, [&hellip;]<\/p>\n","protected":false},"author":1,"featured_media":0,"parent":0,"menu_order":0,"comment_status":"open","ping_status":"open","template":"page-templates\/template-fullwidth.php","meta":{"footnotes":""},"class_list":["post-229","page","type-page","status-publish","hentry"],"lang":"sr","translations":{"sr":229,"en":1989,"ru":1991},"pll_sync_post":[],"_links":{"self":[{"href":"https:\/\/omorika.rs\/omorika-montenegro\/index.php\/wp-json\/wp\/v2\/pages\/229","targetHints":{"allow":["GET"]}}],"collection":[{"href":"https:\/\/omorika.rs\/omorika-montenegro\/index.php\/wp-json\/wp\/v2\/pages"}],"about":[{"href":"https:\/\/omorika.rs\/omorika-montenegro\/index.php\/wp-json\/wp\/v2\/types\/page"}],"author":[{"embeddable":true,"href":"https:\/\/omorika.rs\/omorika-montenegro\/index.php\/wp-json\/wp\/v2\/users\/1"}],"replies":[{"embeddable":true,"href":"https:\/\/omorika.rs\/omorika-montenegro\/index.php\/wp-json\/wp\/v2\/comments?post=229"}],"version-history":[{"count":6,"href":"https:\/\/omorika.rs\/omorika-montenegro\/index.php\/wp-json\/wp\/v2\/pages\/229\/revisions"}],"predecessor-version":[{"id":2018,"href":"https:\/\/omorika.rs\/omorika-montenegro\/index.php\/wp-json\/wp\/v2\/pages\/229\/revisions\/2018"}],"wp:attachment":[{"href":"https:\/\/omorika.rs\/omorika-montenegro\/index.php\/wp-json\/wp\/v2\/media?parent=229"}],"curies":[{"name":"wp","href":"https:\/\/api.w.org\/{rel}","templated":true}]}}