{"id":1991,"date":"2024-03-07T14:44:10","date_gmt":"2024-03-07T13:44:10","guid":{"rendered":"https:\/\/omorika.rs\/omorika-montenegro\/?page_id=1991"},"modified":"2024-03-07T17:31:51","modified_gmt":"2024-03-07T16:31:51","slug":"reference-omorike-montenegro","status":"publish","type":"page","link":"https:\/\/omorika.rs\/omorika-montenegro\/index.php\/ru\/reference-omorike-montenegro\/","title":{"rendered":"\u0420\u0415\u0424\u0415\u0420\u0415\u041d\u0426-\u041b\u0418\u0421\u0422 \u041e\u041c\u041e\u0420\u0418\u041a\u0410 \u041c\u041e\u041d\u0422\u0415\u041d\u0415\u0413\u0420\u041e"},"content":{"rendered":"<div class=\"wpb-content-wrapper\"><p>[vc_row css=&#8221;.vc_custom_1708359347627{padding-top: 60px !important;background-position: 0 0 !important;background-repeat: no-repeat !important;}&#8221;][vc_column][vc_column_text]<\/p>\n<div class=\"expand-group\" style=\"background-size: cover;\">\n<div class=\"expand\" style=\"background-size: cover;\">\n<h4 class=\"active\">\u00abRiver Side doo\u00bb &#8211; \u0416\u0438\u043b\u043e\u0439 \u043a\u043e\u043c\u043f\u043b\u0435\u043a\u0441 \u0421\u0443\u0442\u043e\u0440\u0438\u043d\u0430, \u0413\u0435\u0440\u0446\u0435\u0433 \u041d\u043e\u0432\u0438<\/h4>\n<div class=\"hidden-content\" style=\"background-size: cover; display: block;\">\u0434\u0438\u0437\u0430\u0439\u043d \u0438 \u0438\u0441\u043f\u043e\u043b\u043d\u0435\u043d\u0438\u0435<\/div>\n<\/div>\n<div class=\"expand\" style=\"background-size: cover;\">\n<h4>\u00abWR DINAMIC COMPANY DOO\u00bb<\/h4>\n<div class=\"hidden-content\" style=\"background-size: cover;\">\u0431\u0438\u0437\u043d\u0435\u0441-\u0436\u0438\u043b\u043e\u0439 \u0434\u043e\u043c \u0438 \u0437\u0430\u043f\u0440\u0430\u0432\u043a\u0430 \u0422\u043e\u043f\u043b\u0430 II, \u0413\u0435\u0440\u0446\u0435\u0433-\u041d\u043e\u0432\u0438<\/div>\n<\/div>\n<div class=\"expand\" style=\"background-size: cover;\">\n<h4>\u00abSava i Serafim doo\u00bb &#8211; \u043e\u0442\u0435\u043b\u044c \u0438 \u0432\u0438\u043b\u043b\u0430 \u0420\u0438\u0441\u0430\u043d<\/h4>\n<div class=\"hidden-content\" style=\"background-size: cover;\">\u0437\u0435\u043c\u043b\u044f\u043d\u044b\u0435 \u0440\u0430\u0431\u043e\u0442\u044b<\/div>\n<\/div>\n<div class=\"expand\" style=\"background-size: cover;\">\n<h4>\u00abPower AB Group doo\u00bb &#8211; \u0433\u0438\u0434\u0440\u043e\u044d\u043b\u0435\u043a\u0442\u0440\u043e\u0441\u0442\u0430\u043d\u0446\u0438\u044f\u043d\u0430 \u0440\u0435\u043a\u0435 \u0411\u0443\u043a\u043e\u0432\u0438\u0446\u0430<\/h4>\n<div class=\"hidden-content\" style=\"background-size: cover;\">\u0437\u0435\u043c\u043b\u044f\u043d\u044b\u0435, \u0441\u0442\u0440\u043e\u0438\u0442\u0435\u043b\u044c\u043d\u044b\u0435 \u0438 \u0440\u0435\u043c\u0435\u0441\u043b\u0435\u043d\u043d\u044b\u0435 \u0440\u0430\u0431\u043e\u0442\u044b<\/div>\n<\/div>\n<div class=\"expand\" style=\"background-size: cover;\">\n<h4>\u0416\u0438\u043b\u043e\u0439 \u0434\u043e\u043c \u041d\u0438\u0432\u0438\u0446\u0435, \u0413\u0435\u0440\u0446\u0435\u0433 \u041d\u043e\u0432\u0438<\/h4>\n<div class=\"hidden-content\" style=\"background-size: cover;\">\u0441\u0442\u0440\u043e\u0438\u0442\u0435\u043b\u044c\u043d\u044b\u0435 \u0438 \u0440\u0435\u043c\u0435\u0441\u043b\u0435\u043d\u043d\u044b\u0435 \u0440\u0430\u0431\u043e\u0442\u044b<\/div>\n<\/div>\n<div class=\"expand\" style=\"background-size: cover;\">\n<h4>\u0416\u0438\u043b\u043e\u0439 \u0434\u043e\u043c \u0422\u043e\u043f\u043b\u0430 III, \u0413\u0435\u0440\u0446\u0435\u0433 \u041d\u043e\u0432\u0438<\/h4>\n<div class=\"hidden-content\" style=\"background-size: cover;\">\u0441\u0442\u0440\u043e\u0438\u0442\u0435\u043b\u044c\u043d\u044b\u0435 \u0438 \u0440\u0435\u043c\u0435\u0441\u043b\u0435\u043d\u043d\u044b\u0435 \u0440\u0430\u0431\u043e\u0442\u044b<\/div>\n<\/div>\n<div class=\"expand\" style=\"background-size: cover;\">\n<h4>\u00abCenturia doo\u00bb &#8211; \u043a\u043e\u043c\u043f\u043b\u0435\u043a\u0441 \u0432\u0438\u043b\u043b \u0438 \u0430\u043f\u0430\u0440\u0442\u0430\u043c\u0435\u043d\u0442\u043e\u0432 \u00ab\u017danji\u0107\u00bb<\/h4>\n<div class=\"hidden-content\" style=\"background-size: cover;\">\u043a\u043e\u043c\u043f\u043b\u0435\u043a\u0441 \u0441\u0442\u0440\u043e\u0438\u0442\u0435\u043b\u044c\u043d\u043e-\u043f\u043e\u0434\u0435\u043b\u043e\u0447\u043d\u044b\u0445 \u0440\u0430\u0431\u043e\u0442<\/div>\n<\/div>\n<div class=\"expand\" style=\"background-size: cover;\">\n<h4>\u0416\u0438\u043b\u0430\u044f \u0432\u0438\u043b\u043b\u0430, \u041f\u0440\u0438\u0435\u0432\u043e\u0440, \u0413\u0435\u0440\u0446\u0435\u0433 \u041d\u043e\u0432\u0438<\/h4>\n<div class=\"hidden-content\" style=\"background-size: cover;\">\u043a\u043e\u043c\u043f\u043b\u0435\u043a\u0441 \u0441\u0442\u0440\u043e\u0438\u0442\u0435\u043b\u044c\u043d\u043e-\u043f\u043e\u0434\u0435\u043b\u043e\u0447\u043d\u044b\u0445 \u0440\u0430\u0431\u043e\u0442<\/div>\n<\/div>\n<div class=\"expand\" style=\"background-size: cover;\">\n<h4>\u00abKosanovi\u0107 doo, Nik\u010di\u0107\u00bb &#8211; \u043f\u0440\u043e\u0438\u0437\u0432\u043e\u0434\u0441\u0442\u0432\u0435\u043d\u043d\u044b\u0435 \u0441\u043a\u043b\u0430\u0434\u0441\u043a\u0438\u0435 \u043f\u043e\u043c\u0435\u0449\u0435\u043d\u0438\u044f<\/h4>\n<div class=\"hidden-content\" style=\"background-size: cover;\">\u043a\u043e\u043c\u043f\u043b\u0435\u043a\u0441 \u0441\u0442\u0440\u043e\u0438\u0442\u0435\u043b\u044c\u043d\u043e-\u043f\u043e\u0434\u0435\u043b\u043e\u0447\u043d\u044b\u0445 \u0440\u0430\u0431\u043e\u0442<\/div>\n<\/div>\n<div class=\"expand\" style=\"background-size: cover;\">\n<h4>\u00abImperio Holdings Limited doo\u00bb &#8211; \u0433\u043e\u0441\u0442\u0438\u043d\u0438\u0447\u043d\u044b\u0439 \u043a\u043e\u043c\u043f\u043b\u0435\u043a\u0441 \u00abLazaret\u00bb (6500\u043c2), \u0425\u0435\u0440\u0446\u0435\u0433-\u041d\u043e\u0432\u0438<\/h4>\n<div class=\"hidden-content\" style=\"background-size: cover;\">\u043f\u0440\u043e\u0435\u043a\u0442\u0438\u0440\u043e\u0432\u0430\u043d\u0438\u0435 \u0438 \u043a\u043e\u043c\u043f\u043b\u0435\u043a\u0442\u0430\u0446\u0438\u044f \u0441 \u043e\u0431\u043e\u0440\u0443\u0434\u043e\u0432\u0430\u043d\u0438\u0435\u043c<\/div>\n<\/div>\n<div class=\"expand\" style=\"background-size: cover;\">\n<h4>\u00abImperio Holdings Limited doo\u00bb &#8211; \u042f\u0445\u0442-\u043a\u043b\u0443\u0431 (400\u043c2), \u0413\u0435\u0440\u0446\u0435\u0433 \u041d\u043e\u0432\u0438<\/h4>\n<div class=\"hidden-content\" style=\"background-size: cover;\">\u043f\u0440\u043e\u0435\u043a\u0442\u0438\u0440\u043e\u0432\u0430\u043d\u0438\u0435 \u0438 \u043a\u043e\u043c\u043f\u043b\u0435\u043a\u0442\u0430\u0446\u0438\u044f \u0441 \u043e\u0431\u043e\u0440\u0443\u0434\u043e\u0432\u0430\u043d\u0438\u0435\u043c<\/div>\n<\/div>\n<div class=\"expand\" style=\"background-size: cover;\">\n<h4>\u00abImperio Holdings Limited doo\u00bb &#8211; \u0421\u043f\u0430-\u0446\u0435\u043d\u0442\u0440 (1700 \u043c2), \u0413\u0435\u0440\u0446\u0435\u0433 \u041d\u043e\u0432\u0438<\/h4>\n<div class=\"hidden-content\" style=\"background-size: cover;\">\u043f\u0440\u043e\u0435\u043a\u0442\u0438\u0440\u043e\u0432\u0430\u043d\u0438\u0435 \u0438 \u043a\u043e\u043c\u043f\u043b\u0435\u043a\u0442\u0430\u0446\u0438\u044f \u0441 \u043e\u0431\u043e\u0440\u0443\u0434\u043e\u0432\u0430\u043d\u0438\u0435\u043c<\/div>\n<\/div>\n<div class=\"expand\" style=\"background-size: cover;\">\n<h4>\u00abImperio Holdings Limited doo\u00bb &#8211; \u0434\u043e\u043f\u043e\u043b\u043d\u0438\u0442\u0435\u043b\u044c\u043d\u044b\u0439 \u0433\u043e\u0441\u0442\u0438\u043d\u0438\u0447\u043d\u044b\u0439 \u043a\u0435\u0439\u0441(21,000\u043c2), \u0413\u0435\u0440\u0446\u0435\u0433 \u041d\u043e\u0432\u0438<\/h4>\n<div class=\"hidden-content\" style=\"background-size: cover;\">\u043f\u0440\u043e\u0435\u043a\u0442\u0438\u0440\u043e\u0432\u0430\u043d\u0438\u0435 \u0438 \u043a\u043e\u043c\u043f\u043b\u0435\u043a\u0442\u0430\u0446\u0438\u044f \u0441 \u043e\u0431\u043e\u0440\u0443\u0434\u043e\u0432\u0430\u043d\u0438\u0435\u043c<\/div>\n<\/div>\n<div class=\"expand\" style=\"background-size: cover;\">\n<h4>\u00abImperio Holdings Limited doo\u00bb &#8211; \u041c\u0430\u0440\u0438\u043d\u0430 (250 \u043c\u0435\u0441\u0442) \u0441 \u0443\u0441\u043b\u0443\u0433\u0430\u043c\u0438 \u0438 \u043f\u043b\u044f\u0436\u043d\u044b\u043c \u0431\u0430\u0440\u043e\u043c, \u0413\u0435\u0440\u0446\u0435\u0433-\u041d\u043e\u0432\u0438<\/h4>\n<div class=\"hidden-content\" style=\"background-size: cover;\">\u043f\u0440\u043e\u0435\u043a\u0442\u0438\u0440\u043e\u0432\u0430\u043d\u0438\u0435 \u0438 \u043a\u043e\u043c\u043f\u043b\u0435\u043a\u0442\u0430\u0446\u0438\u044f \u0441 \u043e\u0431\u043e\u0440\u0443\u0434\u043e\u0432\u0430\u043d\u0438\u0435\u043c<\/div>\n<\/div>\n<div class=\"expand\" style=\"background-size: cover;\">\n<h4>\u00abImperio Holdings Limited doo\u00bb &#8211; \u041b\u0430\u043d\u0434\u0448\u0430\u0444\u0442\u043d\u044b\u0439 \u0434\u0438\u0437\u0430\u0439\u043d, \u0413\u0435\u0440\u0446\u0435\u0433 \u041d\u043e\u0432\u0438<\/h4>\n<div class=\"hidden-content\" style=\"background-size: cover;\">\u043f\u0440\u043e\u0435\u043a\u0442\u0438\u0440\u043e\u0432\u0430\u043d\u0438\u0435 \u0438 \u043a\u043e\u043c\u043f\u043b\u0435\u043a\u0442\u0430\u0446\u0438\u044f \u0441 \u043e\u0431\u043e\u0440\u0443\u0434\u043e\u0432\u0430\u043d\u0438\u0435\u043c<\/div>\n<\/div>\n<div class=\"expand\" style=\"background-size: cover;\">\n<h4>\u00abImperio Holding Limited doo\u00bb &#8211; \u0420\u0435\u043a\u043e\u043d\u0441\u0442\u0440\u0443\u043a\u0446\u0438\u044f \u043c\u043e\u0441\u0442\u0430, \u0413\u0435\u0440\u0446\u0435\u0433 \u041d\u043e\u0432\u0438<\/h4>\n<div class=\"hidden-content\" style=\"background-size: cover;\">\u043f\u0440\u043e\u0435\u043a\u0442\u0438\u0440\u043e\u0432\u0430\u043d\u0438\u0435 \u0438 \u0432\u044b\u043f\u043e\u043b\u043d\u0435\u043d\u0438\u0435 \u0440\u0430\u0431\u043e\u0442<\/div>\n<\/div>\n<div class=\"expand\" style=\"background-size: cover;\">\n<h4>\u00abMarinetek doo\u00bb, \u041a\u0443\u043c\u0431\u043e\u0440<\/h4>\n<div class=\"hidden-content\" style=\"background-size: cover;\">\u043f\u0440\u043e\u0438\u0437\u0432\u043e\u0434\u0441\u0442\u0432\u043e \u0431\u0435\u0442\u043e\u043d\u043d\u044b\u0445 \u044d\u043b\u0435\u043c\u0435\u043d\u0442\u043e\u0432 \u0434\u043b\u044f \u044f\u043a\u043e\u0440\u043d\u044b\u0445 \u0441\u0443\u0434\u043e\u0432<\/div>\n<\/div>\n<div class=\"expand\" style=\"background-size: cover;\">\n<h4>\u0412\u0438\u043b\u043b\u0430 \u041a\u0443\u043b\u044c\u044f\u0447\u0435, \u0411\u0443\u0434\u0432\u0430 (\u043e\u043a\u043e\u043b\u043e 2500 \u043c2)<\/h4>\n<div class=\"hidden-content\" style=\"background-size: cover;\">\u0441\u0442\u0440\u043e\u0438\u0442\u0435\u043b\u044c\u043d\u044b\u0435 \u0438 \u0440\u0435\u043c\u0435\u0441\u043b\u0435\u043d\u043d\u044b\u0435 \u0440\u0430\u0431\u043e\u0442\u044b<\/div>\n<\/div>\n<div class=\"expand\" style=\"background-size: cover;\">\n<h4>\u041e\u0442\u0435\u043b\u044c, \u0440\u043e\u0441\u043a\u043e\u0448\u043d\u044b\u0435 \u0432\u0438\u043b\u043b\u044b, \u0440\u0435\u0441\u0442\u043e\u0440\u0430\u043d, \u043f\u0440\u0438\u0441\u0442\u0430\u043d\u044c \u0434\u043b\u044f \u044f\u0445\u0442, \u0431\u0443\u043d\u0433\u0430\u043b\u043e (\u043e\u043a\u043e\u043b\u043e 3,6 \u0433\u0430), \u00abRibarsko selo \u017danjice\u00bb<\/h4>\n<div class=\"hidden-content\" style=\"background-size: cover;\">\u043f\u0440\u043e\u0435\u043a\u0442\u0438\u0440\u043e\u0432\u0430\u043d\u0438\u0435<\/div>\n<\/div>\n<div class=\"expand\" style=\"background-size: cover;\">\n<h4>\u0421\u043f\u043e\u0440\u0442\u0438\u0432\u043d\u044b\u0439 \u0441\u0442\u0430\u043b\u044c\u043d\u043e\u0439 \u0437\u0430\u043b, \u0418\u0433\u0430\u043b\u043e (1400 \u043c2)<\/h4>\n<div class=\"hidden-content\" style=\"background-size: cover;\">\u043f\u0440\u043e\u0435\u043a\u0442\u0438\u0440\u043e\u0432\u0430\u043d\u0438\u0435 \u0438 \u0432\u044b\u043f\u043e\u043b\u043d\u0435\u043d\u0438\u0435 \u0440\u0430\u0431\u043e\u0442<\/div>\n<\/div>\n<div class=\"expand\" style=\"background-size: cover;\">\n<h4>\u041f\u0440\u043e\u0438\u0437\u0432\u043e\u0434\u0441\u0442\u0432\u0435\u043d\u043d\u044b\u0439 \u0446\u0435\u0445, \u041d\u0438\u043a\u0448\u0438\u0447 (\u043e\u043a\u043e\u043b\u043e 1500 \u043c2)<\/h4>\n<div class=\"hidden-content\" style=\"background-size: cover;\">\u0440\u0435\u043a\u043e\u043d\u0441\u0442\u0440\u0443\u043a\u0446\u0438\u044f<\/div>\n<\/div>\n<div class=\"expand\" style=\"background-size: cover;\">\n<h4>\u0411\u0443\u0442\u0438\u043a \u00abWinery Kne\u017eevi\u0107\u00bb, \u041f\u043e\u0434\u0433\u043e\u0440\u0438\u0446\u0430<\/h4>\n<div class=\"hidden-content\" style=\"background-size: cover;\">\u0440\u0435\u043a\u043e\u043d\u0441\u0442\u0440\u0443\u043a\u0446\u0438\u044f \u0438 \u0440\u0430\u0441\u0448\u0438\u0440\u0435\u043d\u0438\u0435 \u043e\u0431\u044a\u0435\u043a\u0442\u0430 \u0441\u0435\u043b\u044c\u0441\u043a\u043e\u0439 \u0437\u0430\u0441\u0442\u0440\u043e\u0439\u043a\u0438<\/div>\n<\/div>\n<div class=\"expand\" style=\"background-size: cover;\">\n<h4>\u041e\u0442\u0435\u043b\u044c \u00abMedena\u00bb, \u0422\u0440\u043e\u0433\u0438\u0440<\/h4>\n<div class=\"hidden-content\" style=\"background-size: cover;\">\u0441\u0442\u0440\u043e\u0438\u0442\u0435\u043b\u044c\u043d\u044b\u0435 \u0438 \u0440\u0435\u043c\u0435\u0441\u043b\u0435\u043d\u043d\u044b\u0435 \u0440\u0430\u0431\u043e\u0442\u044b<\/div>\n<\/div>\n<div class=\"expand\" style=\"background-size: cover;\">\n<h4>\u00abNORMAL COMPANY\u00bb, \u0431\u0438\u0437\u043d\u0435\u0441-\u0436\u0438\u043b\u043e\u0435 \u0437\u0434\u0430\u043d\u0438\u0435 \u0432 \u041f\u043e\u0434\u0433\u043e\u0440\u0438\u0446\u0435, (\u043e\u043a\u043e\u043b\u043e 30,000\u043c2), \u043d\u0430 \u0443\u0447\u0430\u0441\u0442\u043a\u0435 (\u043e\u043a\u043e\u043b\u043e 9,500\u043c2)<\/h4>\n<div class=\"hidden-content\" style=\"background-size: cover;\">\u0437\u0435\u043c\u043b\u044f\u043d\u044b\u0435 \u0440\u0430\u0431\u043e\u0442\u044b<\/div>\n<\/div>\n<div class=\"expand\" style=\"background-size: cover;\">\n<h4>\u00abCRNAGORAPUT\u00bb<\/h4>\n<div class=\"hidden-content\" style=\"background-size: cover;\">\u0437\u0435\u043c\u043b\u044f\u043d\u044b\u0435 \u0440\u0430\u0431\u043e\u0442\u044b<\/div>\n<\/div>\n<div class=\"expand\" style=\"background-size: cover;\">\n<h4>\u041e\u0442\u0435\u043b\u044c \u00abFjord\u00bb<\/h4>\n<div class=\"hidden-content\" style=\"background-size: cover;\">\u0441\u043d\u043e\u0441 \u043e\u0431\u044a\u0435\u043a\u0442\u0430<\/div>\n<\/div>\n<div class=\"expand\" style=\"background-size: cover;\">\n<h4>\u0421\u0442\u0440\u043e\u0438\u0442\u0435\u043b\u044c\u0441\u0442\u0432\u043e \u0440\u043e\u0441\u043a\u043e\u0448\u043d\u043e\u0433\u043e \u043a\u0443\u0440\u043e\u0440\u0442\u0430, \u041a\u0440\u0435\u043f\u043e\u0441\u0442\u044c \u041c\u0430\u043c\u0443\u043b\u0430<\/h4>\n<div class=\"hidden-content\" style=\"background-size: cover;\">\u0433\u0440\u0443\u0431\u044b\u0435 \u0441\u0442\u0440\u043e\u0438\u0442\u0435\u043b\u044c\u043d\u044b\u0435 \u0440\u0430\u0431\u043e\u0442\u044b \u0438 \u043b\u0438\u043a\u0432\u0438\u0434\u0430\u0446\u0438\u044f \u043e\u043f\u043e\u043b\u0437\u043d\u0435\u0439<\/div>\n<\/div>\n<div class=\"expand\" style=\"background-size: cover;\">\n<h4>\u0418\u043d\u0441\u0442\u0438\u0442\u0443\u0442 \u043c\u043e\u0440\u0441\u043a\u043e\u0439 \u0431\u0438\u043e\u043b\u043e\u0433\u0438\u0438<\/h4>\n<div class=\"hidden-content\" style=\"background-size: cover;\">\u0443\u0441\u0442\u0430\u043d\u043e\u0432\u043a\u0430 \u043f\u043e\u043d\u0442\u043e\u043d\u0430 \u0434\u043b\u044f \u0448\u0432\u0430\u0440\u0442\u043e\u0432\u043a\u0438 \u0438\u043d\u0441\u043f\u0435\u043a\u0446\u0438\u043e\u043d\u043d\u043e\u0433\u043e \u0441\u0443\u0434\u043d\u0430<\/div>\n<\/div>\n<div class=\"expand\" style=\"background-size: cover;\">\n<h4>\u0412\u0438\u043b\u043b\u0430 \u00abPodgorica\u00bb(\u043e\u043a\u043e\u043b\u043e 1000\u043c2)<\/h4>\n<div class=\"hidden-content\" style=\"background-size: cover;\">\u0432\u044b\u043f\u043e\u043b\u043d\u0435\u043d\u0438\u0435 \u0441\u0442\u0440\u043e\u0438\u0442\u0435\u043b\u044c\u043d\u043e-\u043c\u043e\u043d\u0442\u0430\u0436\u043d\u044b\u0445 \u0440\u0430\u0431\u043e\u0442 \u043d\u0430 \u043e\u0431\u044a\u0435\u043a\u0442\u0435 \u0438 \u0431\u043b\u0430\u0433\u043e\u0443\u0441\u0442\u0440\u043e\u0439\u0441\u0442\u0432\u043e \u0442\u0435\u0440\u0440\u0438\u0442\u043e\u0440\u0438\u0438<\/div>\n<\/div>\n<div class=\"expand\" style=\"background-size: cover;\">\n<h4>\u00abV&amp;B INVEST\u00bb &#8211; \u043a\u0432\u0430\u0440\u0442\u0438\u0440\u0430 \/ \u043a\u043e\u043c\u043c\u0435\u0440\u0447\u0435\u0441\u043a\u043e\u0435 \u0437\u0434\u0430\u043d\u0438\u0435, \u0422\u0438\u0432\u0430\u0442 (5000\u043c2)<\/h4>\n<div class=\"hidden-content\" style=\"background-size: cover;\">\u0441\u0442\u0440\u043e\u0438\u0442\u0435\u043b\u044c\u043d\u044b\u0435 \u0438 \u0440\u0435\u043c\u0435\u0441\u043b\u0435\u043d\u043d\u044b\u0435 \u0440\u0430\u0431\u043e\u0442\u044b<\/div>\n<\/div>\n<div class=\"expand\" style=\"background-size: cover;\">\n<h4>\u00abRAMEL DOO\u00bb &#8211; \u043f\u043e\u0434\u0441\u0442\u0430\u043d\u0446\u0438\u044f, \u041c\u0435\u043b\u044c\u0438\u043d\u0435<\/h4>\n<div class=\"hidden-content\" style=\"background-size: cover;\">\u0432\u044b\u043f\u043e\u043b\u043d\u0435\u043d\u0438\u0435 \u0441\u0442\u0440\u043e\u0438\u0442\u0435\u043b\u044c\u043d\u043e-\u043c\u043e\u043d\u0442\u0430\u0436\u043d\u044b\u0445 \u0440\u0430\u0431\u043e\u0442 \u043d\u0430 \u043f\u043e\u0434\u0441\u0442\u0430\u043d\u0446\u0438\u0438<\/div>\n<\/div>\n<div class=\"expand\" style=\"background-size: cover;\">\n<h4>\u041f\u043e\u0441\u0442\u043e\u044f\u043d\u043d\u044b\u0435 \u0443\u0441\u043b\u0443\u0433\u0438 \u043f\u043e \u0430\u0440\u0435\u043d\u0434\u0435 \u0441\u0442\u0440\u043e\u0438\u0442\u0435\u043b\u044c\u043d\u043e\u0439 \u0442\u0435\u0445\u043d\u0438\u043a\u0438 &#8211; \u0434\u043e\u0441\u043a\u0438 Larsen, \u043a\u0440\u0430\u043d\u044b, \u043f\u043e\u043d\u0442\u043e\u043d\u044b, \u043f\u0430\u0440\u043e\u043c\u044b, \u0433\u0440\u0443\u0437\u043e\u0432\u0438\u043a\u0438<\/h4>\n<div class=\"hidden-content\" style=\"background-size: cover;\"><\/div>\n<\/div>\n<div class=\"expand\" style=\"background-size: cover;\">\n<h4>\u0422\u0440\u0435\u0431\u043e\u0432\u0430\u0442\u0435\u043b\u044c\u043d\u0430\u044f \u043c\u0435\u0431\u043b\u0438\u0440\u043e\u0432\u043a\u0430 \u0440\u044f\u0434\u0430 \u0432\u0438\u043b\u043b, \u0434\u043e\u043c\u043e\u0432 \u0438 \u043a\u0432\u0430\u0440\u0442\u0438\u0440.<\/h4>\n<div class=\"hidden-content\" style=\"background-size: cover;\"><\/div>\n<\/div>\n<\/div>\n<p>[\/vc_column_text][\/vc_column][\/vc_row][vc_row content_placement=&#8221;middle&#8221; fullwidth=&#8221;yes&#8221; css=&#8221;.vc_custom_1708360414177{padding-top: 60px !important;padding-bottom: 60px !important;}&#8221; el_class=&#8221;call-to-action bg-color text-center&#8221;][vc_column][vc_column_text]<\/p>\n<h1><span style=\"color: #333333;\"><strong>Imate jo\u0161 pitanja? Kontaktirajte nas<\/strong><\/span><\/h1>\n<p>[\/vc_column_text][\/vc_column][\/vc_row]<\/p>\n<\/div>","protected":false},"excerpt":{"rendered":"<p>[vc_row css=&#8221;.vc_custom_1708359347627{padding-top: 60px !important;background-position: 0 0 !important;background-repeat: no-repeat !important;}&#8221;][vc_column][vc_column_text] \u00abRiver Side doo\u00bb &#8211; \u0416\u0438\u043b\u043e\u0439 \u043a\u043e\u043c\u043f\u043b\u0435\u043a\u0441 \u0421\u0443\u0442\u043e\u0440\u0438\u043d\u0430, \u0413\u0435\u0440\u0446\u0435\u0433 \u041d\u043e\u0432\u0438 \u0434\u0438\u0437\u0430\u0439\u043d \u0438 \u0438\u0441\u043f\u043e\u043b\u043d\u0435\u043d\u0438\u0435 \u00abWR DINAMIC COMPANY DOO\u00bb \u0431\u0438\u0437\u043d\u0435\u0441-\u0436\u0438\u043b\u043e\u0439 \u0434\u043e\u043c \u0438 \u0437\u0430\u043f\u0440\u0430\u0432\u043a\u0430 \u0422\u043e\u043f\u043b\u0430 II, \u0413\u0435\u0440\u0446\u0435\u0433-\u041d\u043e\u0432\u0438 \u00abSava i Serafim doo\u00bb &#8211; \u043e\u0442\u0435\u043b\u044c \u0438 \u0432\u0438\u043b\u043b\u0430 \u0420\u0438\u0441\u0430\u043d \u0437\u0435\u043c\u043b\u044f\u043d\u044b\u0435 \u0440\u0430\u0431\u043e\u0442\u044b \u00abPower AB Group doo\u00bb &#8211; \u0433\u0438\u0434\u0440\u043e\u044d\u043b\u0435\u043a\u0442\u0440\u043e\u0441\u0442\u0430\u043d\u0446\u0438\u044f\u043d\u0430 \u0440\u0435\u043a\u0435 \u0411\u0443\u043a\u043e\u0432\u0438\u0446\u0430 \u0437\u0435\u043c\u043b\u044f\u043d\u044b\u0435, \u0441\u0442\u0440\u043e\u0438\u0442\u0435\u043b\u044c\u043d\u044b\u0435 \u0438 \u0440\u0435\u043c\u0435\u0441\u043b\u0435\u043d\u043d\u044b\u0435 [&hellip;]<\/p>\n","protected":false},"author":1,"featured_media":0,"parent":0,"menu_order":0,"comment_status":"open","ping_status":"open","template":"page-templates\/template-fullwidth.php","meta":{"footnotes":""},"class_list":["post-1991","page","type-page","status-publish","hentry"],"lang":"ru","translations":{"ru":1991,"sr":229,"en":1989},"pll_sync_post":[],"_links":{"self":[{"href":"https:\/\/omorika.rs\/omorika-montenegro\/index.php\/wp-json\/wp\/v2\/pages\/1991","targetHints":{"allow":["GET"]}}],"collection":[{"href":"https:\/\/omorika.rs\/omorika-montenegro\/index.php\/wp-json\/wp\/v2\/pages"}],"about":[{"href":"https:\/\/omorika.rs\/omorika-montenegro\/index.php\/wp-json\/wp\/v2\/types\/page"}],"author":[{"embeddable":true,"href":"https:\/\/omorika.rs\/omorika-montenegro\/index.php\/wp-json\/wp\/v2\/users\/1"}],"replies":[{"embeddable":true,"href":"https:\/\/omorika.rs\/omorika-montenegro\/index.php\/wp-json\/wp\/v2\/comments?post=1991"}],"version-history":[{"count":16,"href":"https:\/\/omorika.rs\/omorika-montenegro\/index.php\/wp-json\/wp\/v2\/pages\/1991\/revisions"}],"predecessor-version":[{"id":2016,"href":"https:\/\/omorika.rs\/omorika-montenegro\/index.php\/wp-json\/wp\/v2\/pages\/1991\/revisions\/2016"}],"wp:attachment":[{"href":"https:\/\/omorika.rs\/omorika-montenegro\/index.php\/wp-json\/wp\/v2\/media?parent=1991"}],"curies":[{"name":"wp","href":"https:\/\/api.w.org\/{rel}","templated":true}]}}