{"id":1989,"date":"2024-03-07T14:43:53","date_gmt":"2024-03-07T13:43:53","guid":{"rendered":"https:\/\/omorika.rs\/omorika-montenegro\/?page_id=1989"},"modified":"2024-03-07T17:30:43","modified_gmt":"2024-03-07T16:30:43","slug":"references-of-omorika-montenegro","status":"publish","type":"page","link":"https:\/\/omorika.rs\/omorika-montenegro\/index.php\/en\/references-of-omorika-montenegro\/","title":{"rendered":"REFERENCES OF OMORIKA MONTENEGRO"},"content":{"rendered":"<div class=\"wpb-content-wrapper\"><p>[vc_row css=&#8221;.vc_custom_1708359347627{padding-top: 60px !important;background-position: 0 0 !important;background-repeat: no-repeat !important;}&#8221;][vc_column][vc_column_text]<\/p>\n<div class=\"expand-group\" style=\"background-size: cover;\">\n<div class=\"expand\" style=\"background-size: cover;\">\n<h4>River Side doo &#8211; Residential complex Sutorina, Herceg Novi<\/h4>\n<div class=\"hidden-content\" style=\"background-size: cover;\">design and execution<\/div>\n<\/div>\n<div class=\"expand\" style=\"background-size: cover;\">\n<h4>WR DINAMIC COMPANY DOO<\/h4>\n<div class=\"hidden-content\" style=\"background-size: cover;\">business-residential building and gas station Topla II, Herceg Novi<\/div>\n<\/div>\n<div class=\"expand\" style=\"background-size: cover;\">\n<h4>Sava and Serafim doo &#8211; hotel and villa Risan<\/h4>\n<div class=\"hidden-content\" style=\"background-size: cover;\">ground work<\/div>\n<\/div>\n<div class=\"expand\" style=\"background-size: cover;\">\n<h4>Power AB Group doo &#8211; hydroelectric power plant on the river Bukovica<\/h4>\n<div class=\"hidden-content\" style=\"background-size: cover;\">earthworks, construction and craft works<\/div>\n<\/div>\n<div class=\"expand\" style=\"background-size: cover;\">\n<h4>Residential building Njivice, Herceg Novi<\/h4>\n<div class=\"hidden-content\" style=\"background-size: cover;\">construction and craft works<\/div>\n<\/div>\n<div class=\"expand\" style=\"background-size: cover;\">\n<h4>Residential building Topla III, Herceg Novi<\/h4>\n<div class=\"hidden-content\" style=\"background-size: cover;\">construction and craft works<\/div>\n<\/div>\n<div class=\"expand\" style=\"background-size: cover;\">\n<h4>Centuria doo &#8211; complex of villas and apartments \u017danji\u0107<\/h4>\n<div class=\"hidden-content\" style=\"background-size: cover;\">a set of construction and craft works<\/div>\n<\/div>\n<div class=\"expand\" style=\"background-size: cover;\">\n<h4>Residential villa, Prijevor, Herceg Novi<\/h4>\n<div class=\"hidden-content\" style=\"background-size: cover;\">a set of construction and craft works<\/div>\n<\/div>\n<div class=\"expand\" style=\"background-size: cover;\">\n<h4>Kosanovi\u0107 doo, Nik\u010di\u0107 &#8211; production and warehouse space<\/h4>\n<div class=\"hidden-content\" style=\"background-size: cover;\">a set of construction and craft works<\/div>\n<\/div>\n<div class=\"expand\" style=\"background-size: cover;\">\n<h4>Imperio Holdings Limited doo &#8211; hotel resort Lazaret (6,500m2), Herceg Novi<\/h4>\n<div class=\"hidden-content\" style=\"background-size: cover;\">design and complete execution with equipment<\/div>\n<\/div>\n<div class=\"expand\" style=\"background-size: cover;\">\n<h4>Imperio Holdings Limited doo &#8211; Yacht club (400m2), Herceg Novi<\/h4>\n<div class=\"hidden-content\" style=\"background-size: cover;\">design and complete execution with equipment<\/div>\n<\/div>\n<div class=\"expand\" style=\"background-size: cover;\">\n<h4>Imperio Holdings Limited doo &#8211; Spa center (1,700m2), Herceg Novi<\/h4>\n<div class=\"hidden-content\" style=\"background-size: cover;\">design and complete execution with equipment<\/div>\n<\/div>\n<div class=\"expand\" style=\"background-size: cover;\">\n<h4>Imperio Holdings Limited doo &#8211; Hotel annex (21,000m2), Herceg Novi<\/h4>\n<div class=\"hidden-content\" style=\"background-size: cover;\">design and complete execution with equipment<\/div>\n<\/div>\n<div class=\"expand\" style=\"background-size: cover;\">\n<h4>Imperio Holdings Limited doo &#8211; Marina (250 berths) with service facilities and beach bar, Herceg Novi<\/h4>\n<div class=\"hidden-content\" style=\"background-size: cover;\">design and complete execution with equipment<\/div>\n<\/div>\n<div class=\"expand\" style=\"background-size: cover;\">\n<h4>Imperio Holdings Limited doo &#8211; Landscaping, Herceg Novi<\/h4>\n<div class=\"hidden-content\" style=\"background-size: cover;\">design and complete execution with equipment<\/div>\n<\/div>\n<div class=\"expand\" style=\"background-size: cover;\">\n<h4>Imperio Holding Limited doo &#8211; Reconstruction of the bridge, Herceg Novi<\/h4>\n<div class=\"hidden-content\" style=\"background-size: cover;\">design and execution of works<\/div>\n<\/div>\n<div class=\"expand\" style=\"background-size: cover;\">\n<h4>Marinetek doo, Kumbor<\/h4>\n<div class=\"hidden-content\" style=\"background-size: cover;\">production of concrete elements for anchoring vessels<\/div>\n<\/div>\n<div class=\"expand\" style=\"background-size: cover;\">\n<h4>Villa Kulja\u010de, Budva (cca 2,500m2)<\/h4>\n<div class=\"hidden-content\" style=\"background-size: cover;\">gra\u0111evinsko zanatski radovi<\/div>\n<\/div>\n<div class=\"expand\" style=\"background-size: cover;\">\n<h4>Hotel, luxury villas, restaurant, marina, bungalows (approx. 3.6 ha), Ribarsko selo Zanjice<\/h4>\n<div class=\"hidden-content\" style=\"background-size: cover;\">designing<\/div>\n<\/div>\n<div class=\"expand\" style=\"background-size: cover;\">\n<h4>Sports steel hall, Igalo (1,400m2)<\/h4>\n<div class=\"hidden-content\" style=\"background-size: cover;\">design and execution of works<\/div>\n<\/div>\n<div class=\"expand\" style=\"background-size: cover;\">\n<h4>Production hall, Niksic (cca 1,500m2)<\/h4>\n<div class=\"hidden-content\" style=\"background-size: cover;\">reconstruction<\/div>\n<\/div>\n<div class=\"expand\" style=\"background-size: cover;\">\n<h4>Boutique Winery Kne\u017eevi\u0107, Podgorica<\/h4>\n<div class=\"hidden-content\" style=\"background-size: cover;\">reconstruction and extension of a rural development facility<\/div>\n<\/div>\n<div class=\"expand\" style=\"background-size: cover;\">\n<h4>Hotel Medena, Trogir<\/h4>\n<div class=\"hidden-content\" style=\"background-size: cover;\">construction and craft works<\/div>\n<\/div>\n<div class=\"expand\" style=\"background-size: cover;\">\n<h4>NORMAL COMPANY, business-residential building in Podgorica, (cca 30,000m2), on a plot (cca 9,500m2)<\/h4>\n<div class=\"hidden-content\" style=\"background-size: cover;\">ground work<\/div>\n<\/div>\n<div class=\"expand\" style=\"background-size: cover;\">\n<h4>CRNAGORAPUT<\/h4>\n<div class=\"hidden-content\" style=\"background-size: cover;\">ground work<\/div>\n<\/div>\n<div class=\"expand\" style=\"background-size: cover;\">\n<h4>Hotel Fjord<\/h4>\n<div class=\"hidden-content\" style=\"background-size: cover;\">demolition of an object<\/div>\n<\/div>\n<div class=\"expand\" style=\"background-size: cover;\">\n<h4>Construction of a luxury resort, Mamula fortress<\/h4>\n<div class=\"hidden-content\" style=\"background-size: cover;\">rough construction works and landslide remediation<\/div>\n<\/div>\n<div class=\"expand\" style=\"background-size: cover;\">\n<h4>Institute of Marine Biology<\/h4>\n<div class=\"hidden-content\" style=\"background-size: cover;\">installation of a pontoon for mooring an inspection vessel<\/div>\n<\/div>\n<div class=\"expand\" style=\"background-size: cover;\">\n<h4>Villa Podgorica(cca 1000m2)<\/h4>\n<div class=\"hidden-content\" style=\"background-size: cover;\">performing construction and craft works on the facility and landscaping<\/div>\n<\/div>\n<div class=\"expand\" style=\"background-size: cover;\">\n<h4>V&amp;B INVEST &#8211; residential and commercial building, Tivat (5000m2)<\/h4>\n<div class=\"hidden-content\" style=\"background-size: cover;\">construction and craft works<\/div>\n<\/div>\n<div class=\"expand\" style=\"background-size: cover;\">\n<h4>RAMEL DOO &#8211; substation, Meljine<\/h4>\n<div class=\"hidden-content\" style=\"background-size: cover;\">performing construction and craft works at the substation<\/div>\n<\/div>\n<div class=\"expand\" style=\"background-size: cover;\">\n<h4>Permanent services for renting construction equipment &#8211; larsen planks, cranes, pontoons, ferries, trucks<\/h4>\n<div class=\"hidden-content\" style=\"background-size: cover;\"><\/div>\n<\/div>\n<div class=\"expand\" style=\"background-size: cover;\">\n<h4>Demanding furnishing of a number of villas, houses and apartments<\/h4>\n<div class=\"hidden-content\" style=\"background-size: cover;\"><\/div>\n<\/div>\n<\/div>\n<p>[\/vc_column_text][\/vc_column][\/vc_row][vc_row content_placement=&#8221;middle&#8221; fullwidth=&#8221;yes&#8221; css=&#8221;.vc_custom_1708360414177{padding-top: 60px !important;padding-bottom: 60px !important;}&#8221; el_class=&#8221;call-to-action bg-color text-center&#8221;][vc_column][vc_column_text]<\/p>\n<h1><span style=\"color: #333333;\"><strong>Imate jo\u0161 pitanja? Kontaktirajte nas<\/strong><\/span><\/h1>\n<p>[\/vc_column_text][\/vc_column][\/vc_row]<\/p>\n<\/div>","protected":false},"excerpt":{"rendered":"<p>[vc_row css=&#8221;.vc_custom_1708359347627{padding-top: 60px !important;background-position: 0 0 !important;background-repeat: no-repeat !important;}&#8221;][vc_column][vc_column_text] River Side doo &#8211; Residential complex Sutorina, Herceg Novi design and execution WR DINAMIC COMPANY DOO business-residential building and gas station Topla II, Herceg Novi Sava and Serafim doo &#8211; hotel and villa Risan ground work Power AB Group doo &#8211; hydroelectric power plant on the [&hellip;]<\/p>\n","protected":false},"author":1,"featured_media":0,"parent":0,"menu_order":0,"comment_status":"open","ping_status":"open","template":"page-templates\/template-fullwidth.php","meta":{"footnotes":""},"class_list":["post-1989","page","type-page","status-publish","hentry"],"lang":"en","translations":{"en":1989,"sr":229,"ru":1991},"pll_sync_post":[],"_links":{"self":[{"href":"https:\/\/omorika.rs\/omorika-montenegro\/index.php\/wp-json\/wp\/v2\/pages\/1989","targetHints":{"allow":["GET"]}}],"collection":[{"href":"https:\/\/omorika.rs\/omorika-montenegro\/index.php\/wp-json\/wp\/v2\/pages"}],"about":[{"href":"https:\/\/omorika.rs\/omorika-montenegro\/index.php\/wp-json\/wp\/v2\/types\/page"}],"author":[{"embeddable":true,"href":"https:\/\/omorika.rs\/omorika-montenegro\/index.php\/wp-json\/wp\/v2\/users\/1"}],"replies":[{"embeddable":true,"href":"https:\/\/omorika.rs\/omorika-montenegro\/index.php\/wp-json\/wp\/v2\/comments?post=1989"}],"version-history":[{"count":8,"href":"https:\/\/omorika.rs\/omorika-montenegro\/index.php\/wp-json\/wp\/v2\/pages\/1989\/revisions"}],"predecessor-version":[{"id":2015,"href":"https:\/\/omorika.rs\/omorika-montenegro\/index.php\/wp-json\/wp\/v2\/pages\/1989\/revisions\/2015"}],"wp:attachment":[{"href":"https:\/\/omorika.rs\/omorika-montenegro\/index.php\/wp-json\/wp\/v2\/media?parent=1989"}],"curies":[{"name":"wp","href":"https:\/\/api.w.org\/{rel}","templated":true}]}}